{"id":69,"date":"2017-10-09T15:21:34","date_gmt":"2017-10-09T13:21:34","guid":{"rendered":"https:\/\/busymuseums.mfn.dsm.museum\/?page_id=69"},"modified":"2018-05-31T11:27:19","modified_gmt":"2018-05-31T09:27:19","slug":"team-teilprojekt-kultur","status":"publish","type":"page","link":"https:\/\/busymuseums.mfn.dsm.museum\/?page_id=69","title":{"rendered":"Team Teilprojekt &#8222;Kultur&#8220;"},"content":{"rendered":"<p>F\u00fcnf Wissenschaftlerinnen, eine Beraterin und ein Berater bilden an zwei Museen das Team des Projekts NAVI (wie wir es kurz nennen). Au\u00dferdem haben wir tatkr\u00e4ftige Hilfskr\u00e4fte, die uns unterst\u00fctzten.<br \/>\nHier ein \u00dcbersicht unseres Teams am Deutschen Schifffahrtsmuseum.<\/p>\n<p><img loading=\"lazy\" decoding=\"async\" class=\"alignnone wp-image-237\" src=\"https:\/\/busymuseums.mfn.dsm.museum\/wp-content\/uploads\/2018\/05\/DSM_RZ_Logo_sRGB_d-300x102.jpg\" alt=\"\" width=\"200\" height=\"68\" srcset=\"https:\/\/busymuseums.mfn.dsm.museum\/wp-content\/uploads\/2018\/05\/DSM_RZ_Logo_sRGB_d-300x102.jpg 300w, https:\/\/busymuseums.mfn.dsm.museum\/wp-content\/uploads\/2018\/05\/DSM_RZ_Logo_sRGB_d-768x261.jpg 768w, https:\/\/busymuseums.mfn.dsm.museum\/wp-content\/uploads\/2018\/05\/DSM_RZ_Logo_sRGB_d-1024x348.jpg 1024w, https:\/\/busymuseums.mfn.dsm.museum\/wp-content\/uploads\/2018\/05\/DSM_RZ_Logo_sRGB_d.jpg 1476w\" sizes=\"auto, (max-width: 200px) 100vw, 200px\" \/><\/p>\n<p>&nbsp;<\/p>\n<p><strong>Hendrikje Br\u00fcning<\/strong>, Projektleitung (seit 1.1.2018) und Doktorandin<\/p>\n<p><img loading=\"lazy\" decoding=\"async\" class=\"alignnone size-thumbnail wp-image-79\" src=\"https:\/\/busymuseums.mfn.dsm.museum\/wp-content\/uploads\/2017\/10\/Br\u00fcning012017-150x150.jpg\" alt=\"\" width=\"150\" height=\"150\" srcset=\"https:\/\/busymuseums.mfn.dsm.museum\/wp-content\/uploads\/2017\/10\/Br\u00fcning012017-150x150.jpg 150w, https:\/\/busymuseums.mfn.dsm.museum\/wp-content\/uploads\/2017\/10\/Br\u00fcning012017-300x300.jpg 300w, https:\/\/busymuseums.mfn.dsm.museum\/wp-content\/uploads\/2017\/10\/Br\u00fcning012017-768x768.jpg 768w, https:\/\/busymuseums.mfn.dsm.museum\/wp-content\/uploads\/2017\/10\/Br\u00fcning012017-1024x1024.jpg 1024w\" sizes=\"auto, (max-width: 150px) 100vw, 150px\" \/><\/p>\n<p>Interdisziplin\u00e4r ist wahrscheinlich das Wort, das den Hintergrund von Hendrikje Br\u00fcning am besten beschreibt. Im Projekt nutzt sie qualitative und quantitative Methoden f\u00fcr die Datenerhebung in kulturhistorischen Museen und sammelt Erkenntnisse, die die Basis f\u00fcr Prozessanalysen, Systematiken, Methoden und Konzepte sind. Sie hat den Master of Arts in Elektronische Medien mit Schwerpunkt Unternehmenskommunikation im Jahr 2014 mit Auszeichnung abgeschlossen. Schon w\u00e4hrend der Studienzeit hat sie sich immer wieder mit den Themen Kommunikation (und Kommunikationskonzeption), Zielgruppen und Marketing in Museen besch\u00e4ftigt und dort auch gearbeitet. Sie schreibt seit Herbst 2015 ihre Doktorarbeit zum Thema Wissenskommunikation am Deutschen Schiffahrtsmuseum in Kooperation mit der Universit\u00e4t Bremen, die als interdisziplin\u00e4re Arbeit das Museum mit dem Bereich der Management- und Organisationslehre verbindet.<\/p>\n<p><strong>Dr. Ursula Warnke<\/strong>, Projektleiterin (bis 31.12.2017)<\/p>\n<p><img loading=\"lazy\" decoding=\"async\" class=\"alignnone wp-image-78 size-thumbnail\" src=\"https:\/\/busymuseums.mfn.dsm.museum\/wp-content\/uploads\/2017\/10\/DSC_1837-150x150.jpg\" alt=\"\" width=\"150\" height=\"150\" \/><\/p>\n<p>Dr. Ursula Warnke hat das Projekt bis Dezember 2017 geleitet. Sie ist nun als neue Direktorin am Landesmuseum Natur und Mensch in Oldenburg t\u00e4tig.<\/p>\n<p><strong>Annette Loch<\/strong>, Studentische Hilfskraft (bis 31.3.2018)<\/p>\n<p><img loading=\"lazy\" decoding=\"async\" class=\"size-thumbnail wp-image-96\" src=\"https:\/\/busymuseums.mfn.dsm.museum\/wp-content\/uploads\/2017\/10\/DSC_4632-2-150x150.jpg\" alt=\"\" width=\"150\" height=\"150\" \/><\/p>\n<p>Seit September 2016 ist Annette als studentische Hilfskraft in unserem Projekt t\u00e4tig. Zeitgleich studiert sie Betriebswirtschaftslehre (M. Sc.) mit den Schwerpunkten Gr\u00fcndungs- und Mittelstandsmanagement sowie Betriebswirtschaftliche Steuerlehre an der Universit\u00e4t Bremen. Im Rahmen des Projektes ist sie unterst\u00fctzend f\u00fcr die Aufbereitung und Analyse der Daten zust\u00e4ndig. Dar\u00fcber hinaus \u00fcbernimmt sie vielf\u00e4ltige Rechercheaufgaben.<\/p>\n<p><strong>Corinne Kleber<\/strong>, Studentische Hilfskraft (Seit 1.2.2018)<\/p>\n<p><img loading=\"lazy\" decoding=\"async\" class=\"alignnone size-thumbnail wp-image-219\" src=\"https:\/\/busymuseums.mfn.dsm.museum\/wp-content\/uploads\/2018\/02\/Bewerbungsbild-150x150.jpg\" alt=\"\" width=\"150\" height=\"150\" \/><\/p>\n<p>Seit Februar 2018 ist Corinne als studentische Hilfskraft in unserem Projekt t\u00e4tig. Parallel dazu widmet sie sich ihrer Bachelorthesis im Rahmen ihres Studiums &#8222;Cruise Tourism Management&#8220; an der Hochschule Bremerhaven. Sie unterst\u00fctzt uns bei der Aufbereitung und Analyse der Daten und der Ergebnisauswertung.<\/p>\n<p>&nbsp;<\/p>\n<p>Externe Beratung durch die <a href=\"http:\/\/gk-mb.com\/\">G\u00f6rgen &amp; K\u00f6ller GmbH<\/a> (Dr. Christoph K\u00f6ller und Jennifer Wockenfu\u00df)<\/p>\n","protected":false},"excerpt":{"rendered":"<p>F\u00fcnf Wissenschaftlerinnen, eine Beraterin und ein Berater bilden an zwei Museen das Team des Projekts NAVI (wie wir es kurz nennen). Au\u00dferdem haben wir tatkr\u00e4ftige Hilfskr\u00e4fte, die uns unterst\u00fctzten. Hier ein \u00dcbersicht unseres Teams am Deutschen Schifffahrtsmuseum. &nbsp; Hendrikje Br\u00fcning, Projektleitung (seit 1.1.2018) und Doktorandin Interdisziplin\u00e4r ist wahrscheinlich das Wort, das den Hintergrund von Hendrikje [&hellip;]<\/p>\n","protected":false},"author":2,"featured_media":0,"parent":121,"menu_order":4,"comment_status":"closed","ping_status":"closed","template":"","meta":{"footnotes":""},"class_list":["post-69","page","type-page","status-publish","hentry"],"_links":{"self":[{"href":"https:\/\/busymuseums.mfn.dsm.museum\/index.php?rest_route=\/wp\/v2\/pages\/69","targetHints":{"allow":["GET"]}}],"collection":[{"href":"https:\/\/busymuseums.mfn.dsm.museum\/index.php?rest_route=\/wp\/v2\/pages"}],"about":[{"href":"https:\/\/busymuseums.mfn.dsm.museum\/index.php?rest_route=\/wp\/v2\/types\/page"}],"author":[{"embeddable":true,"href":"https:\/\/busymuseums.mfn.dsm.museum\/index.php?rest_route=\/wp\/v2\/users\/2"}],"replies":[{"embeddable":true,"href":"https:\/\/busymuseums.mfn.dsm.museum\/index.php?rest_route=%2Fwp%2Fv2%2Fcomments&post=69"}],"version-history":[{"count":16,"href":"https:\/\/busymuseums.mfn.dsm.museum\/index.php?rest_route=\/wp\/v2\/pages\/69\/revisions"}],"predecessor-version":[{"id":71,"href":"https:\/\/busymuseums.mfn.dsm.museum\/index.php?rest_route=\/wp\/v2\/pages\/69\/revisions\/71"}],"up":[{"embeddable":true,"href":"https:\/\/busymuseums.mfn.dsm.museum\/index.php?rest_route=\/wp\/v2\/pages\/121"}],"wp:attachment":[{"href":"https:\/\/busymuseums.mfn.dsm.museum\/index.php?rest_route=%2Fwp%2Fv2%2Fmedia&parent=69"}],"curies":[{"name":"wp","href":"https:\/\/api.w.org\/{rel}","templated":true}]}}