{"id":260,"date":"2022-10-18T18:04:06","date_gmt":"2022-10-18T16:04:06","guid":{"rendered":"https:\/\/busymuseums.mfn.dsm.museum\/?page_id=260"},"modified":"2022-10-24T13:13:59","modified_gmt":"2022-10-24T11:13:59","slug":"erklaerung-zur-barrierefreiheit","status":"publish","type":"page","link":"https:\/\/busymuseums.mfn.dsm.museum\/?page_id=260","title":{"rendered":"Erkl\u00e4rung zur Barrierefreiheit"},"content":{"rendered":"\n<p>Wir bem\u00fchen uns, diese Webseite barrierefrei zu machen. Die Erkl\u00e4rung zur Barrierefreiheit wird im Bremischen Behindertengleichstellungsgesetz verlangt. Die technischen Anforderungen zur Barrierefreiheit ergeben sich aus der BITV 2.0.<\/p>\n\n\n\n<p>Diese Erkl\u00e4rung zur digitalen Barrierefreiheit gilt f\u00fcr den unter <a href=\"https:\/\/busymuseums.mfn.dsm.museum\">https:\/\/busymuseums.mfn.dsm.museum<\/a> erreichbaren Webseite des Deutschen Schifffahrtsmuseum.<\/p>\n\n\n\n<h2 class=\"wp-block-heading\">Wie barrierefrei ist das Angebot?<\/h2>\n\n\n\n<p>Dieses Angebot ist nicht barrierefrei. Es werden fast keine Anforderungen der BITV 2.0 erf\u00fcllt.<\/p>\n\n\n\n<p>Die \u00dcberpr\u00fcfung der Einhaltung der Anforderungen beruht auf einer am 18.10.2022 durchgef\u00fchrten Selbstbewertung.<\/p>\n\n\n\n<h2 class=\"wp-block-heading\">Welche Bereiche sind nicht barrierefrei?<\/h2>\n\n\n\n<h3 class=\"wp-block-heading\">Bilder<\/h3>\n\n\n\n<ul class=\"wp-block-list\"><li>Beschreibung: Bildern fehlen Alternativ-Texte<\/li><li>Ma\u00dfnahmen: Bei zuk\u00fcnftiger \u00dcberarbeitung der Seite werden den Bildern Alternativ-Texte hinzugef\u00fcgt<\/li><li>Barrierefreie Alternative: Keine<\/li><\/ul>\n\n\n\n<h3 class=\"wp-block-heading\">Texte mit geringem Kontrast<\/h3>\n\n\n\n<ul class=\"wp-block-list\"><li>Beschreibung: Texte besitzen an einigen Stellen einen geringen Kontrast zum Hintergrund<\/li><li>Ma\u00dfnahmen: Bei zuk\u00fcnftiger \u00dcberarbeitung der Seite werden die Text-Farben angepasst<\/li><li>Barrierefreie Alternative: Keine<\/li><\/ul>\n\n\n\n<h3 class=\"wp-block-heading\">Links mit wiederholtem Titel-Text<\/h3>\n\n\n\n<ul class=\"wp-block-list\"><li>Beschreibung: Bei einigen Links ist der Link-Text doppelt vorhanden<\/li><li>Ma\u00dfnahmen: Bei zuk\u00fcnftiger \u00dcberarbeitung der Seite wird der doppelte Titel f\u00fcr Links entfernt<\/li><li>Barrierefreie Alternative: Keine<\/li><\/ul>\n\n\n\n<h3 class=\"wp-block-heading\">Verlinkungen zu Seiten<\/h3>\n\n\n\n<ul class=\"wp-block-list\"><li>Beschreibung: Bei der Verlinkung andere Seiten wird in kurzer Folge zweimal auf diese andere Seite verlinkt<\/li><li>Ma\u00dfnahmen: Bei zuk\u00fcnftiger \u00dcberarbeitung der Seite wird versucht die Links zusammenzufassen<\/li><li>Barrierefreie Alternative: Keine<\/li><\/ul>\n\n\n\n<h3 class=\"wp-block-heading\">Unverh\u00e4ltnism\u00e4\u00dfige Belastung<\/h3>\n\n\n\n<p>Teilbereiche, die nicht barrierefrei gestaltet sind, da es eine unverh\u00e4ltnism\u00e4\u00dfige Belastung w\u00e4re (BremBGG \u00a7 13 (5)):<\/p>\n\n\n\n<h3 class=\"wp-block-heading\">Leichte Sprache<\/h3>\n\n\n\n<ul class=\"wp-block-list\"><li>Beschreibung: Inhalte nicht in leichter Sprache vorhanden<\/li><li>Ausf\u00fchrung, warum unverh\u00e4ltnism\u00e4\u00dfige Belastung vorliegt: Es handelt sich um eine Archiv-Seite, an der nicht mehr aktiv gearbeitet wird.<\/li><li>Barrierefreie Alternative: Keine<\/li><\/ul>\n\n\n\n<h2 class=\"wp-block-heading\">Wann wurde die Erkl\u00e4rung zur Barrierefreiheit erstellt?<\/h2>\n\n\n\n<p>Diese Erkl\u00e4rung wurde am <strong>18.10.2022 <\/strong>erstellt bzw. \u00fcberarbeitet.<\/p>\n\n\n\n<h2 class=\"wp-block-heading\">M\u00f6chten Sie Barrieren melden? (Feedback-M\u00f6glichkeit)<\/h2>\n\n\n\n<p>Wir m\u00f6chten unser Angebot gerne weiter verbessern. Teilen Sie uns Ihre Probleme und Fragen zur digitalen Barrierefreiheit gerne mit:<\/p>\n\n\n\n<p><a href=\"mailto:barrierefreiheit@dsm.museum\" data-type=\"mailto\" data-id=\"mailto:barrierefreiheit@dsm.museum\">barrierefreiheit@dsm.museum<\/a><\/p>\n\n\n\n<h2 class=\"wp-block-heading\">Kontakt zur Zentralstelle f\u00fcr barrierefreie Informationstechnik<\/h2>\n\n\n\n<p>Falls Ihre Kontaktaufnahme mit der \u00f6ffentlichen Stelle nicht erfolgreich war, k\u00f6nnen Sie sich an die <a rel=\"noreferrer noopener\" href=\"https:\/\/www.behindertenbeauftragter.bremen.de\/der_beauftragte\/zentralstelle_fuer_barrierefreie_informationstechnik\/beschwerdeformular_zentralstelle-28047\" target=\"_blank\">Zentralstelle f\u00fcr barrierefreie Informationstechnik<\/a> wenden. Diese bietet auch weitere <a rel=\"noreferrer noopener\" href=\"https:\/\/www.behindertenbeauftragter.bremen.de\/der_beauftragte\/zentralstelle_fuer_barrierefreie_informationstechnik-28011\" target=\"_blank\">Informationen zur Durchsetzung<\/a>.<\/p>\n","protected":false},"excerpt":{"rendered":"<p>Wir bem\u00fchen uns, diese Webseite barrierefrei zu machen. Die Erkl\u00e4rung zur Barrierefreiheit wird im Bremischen Behindertengleichstellungsgesetz verlangt. Die technischen Anforderungen zur Barrierefreiheit ergeben sich aus der BITV 2.0. Diese Erkl\u00e4rung zur digitalen Barrierefreiheit gilt f\u00fcr den unter https:\/\/busymuseums.mfn.dsm.museum erreichbaren Webseite des Deutschen Schifffahrtsmuseum. Wie barrierefrei ist das Angebot? Dieses Angebot ist nicht barrierefrei. Es werden [&hellip;]<\/p>\n","protected":false},"author":1,"featured_media":0,"parent":0,"menu_order":0,"comment_status":"closed","ping_status":"closed","template":"","meta":{"footnotes":""},"class_list":["post-260","page","type-page","status-publish","hentry"],"_links":{"self":[{"href":"https:\/\/busymuseums.mfn.dsm.museum\/index.php?rest_route=\/wp\/v2\/pages\/260","targetHints":{"allow":["GET"]}}],"collection":[{"href":"https:\/\/busymuseums.mfn.dsm.museum\/index.php?rest_route=\/wp\/v2\/pages"}],"about":[{"href":"https:\/\/busymuseums.mfn.dsm.museum\/index.php?rest_route=\/wp\/v2\/types\/page"}],"author":[{"embeddable":true,"href":"https:\/\/busymuseums.mfn.dsm.museum\/index.php?rest_route=\/wp\/v2\/users\/1"}],"replies":[{"embeddable":true,"href":"https:\/\/busymuseums.mfn.dsm.museum\/index.php?rest_route=%2Fwp%2Fv2%2Fcomments&post=260"}],"version-history":[{"count":5,"href":"https:\/\/busymuseums.mfn.dsm.museum\/index.php?rest_route=\/wp\/v2\/pages\/260\/revisions"}],"predecessor-version":[{"id":269,"href":"https:\/\/busymuseums.mfn.dsm.museum\/index.php?rest_route=\/wp\/v2\/pages\/260\/revisions\/269"}],"wp:attachment":[{"href":"https:\/\/busymuseums.mfn.dsm.museum\/index.php?rest_route=%2Fwp%2Fv2%2Fmedia&parent=260"}],"curies":[{"name":"wp","href":"https:\/\/api.w.org\/{rel}","templated":true}]}}