{"id":2,"date":"2017-03-22T18:49:23","date_gmt":"2017-03-22T17:49:23","guid":{"rendered":"https:\/\/busymuseums.mfn.dsm.museum\/?page_id=2"},"modified":"2017-11-13T17:02:27","modified_gmt":"2017-11-13T16:02:27","slug":"beispiel-seite","status":"publish","type":"page","link":"https:\/\/busymuseums.mfn.dsm.museum\/?page_id=2","title":{"rendered":"Team Teilprojekt &#8222;Natur&#8220;"},"content":{"rendered":"<p>F\u00fcnf Wissenschaftlerinnen, eine Beraterin und ein Berater bilden an zwei Museen das Team des Projekts NAVI (wie wir es kurz nennen). Au\u00dferdem haben wir tatkr\u00e4ftige Hilfskr\u00e4fte, die uns unterst\u00fctzten.<br \/>\nHier ein \u00dcbersicht unseres Teams am Museum f\u00fcr Naturkunde.<\/p>\n<h4>Teilprojekt &#8222;Natur&#8220; am Museum f\u00fcr Naturkunde Berlin<\/h4>\n<p><strong>Eva Patzschke<\/strong>, Projektleiterin, Verbundkoordinatorin<\/p>\n<p><img loading=\"lazy\" decoding=\"async\" class=\"alignnone size-thumbnail wp-image-61\" src=\"https:\/\/busymuseums.mfn.dsm.museum\/wp-content\/uploads\/2017\/03\/Patzschke_Eva_2016_15x15-150x150.jpg\" alt=\"\" width=\"150\" height=\"150\" srcset=\"https:\/\/busymuseums.mfn.dsm.museum\/wp-content\/uploads\/2017\/03\/Patzschke_Eva_2016_15x15-150x150.jpg 150w, https:\/\/busymuseums.mfn.dsm.museum\/wp-content\/uploads\/2017\/03\/Patzschke_Eva_2016_15x15-300x300.jpg 300w, https:\/\/busymuseums.mfn.dsm.museum\/wp-content\/uploads\/2017\/03\/Patzschke_Eva_2016_15x15-768x768.jpg 768w, https:\/\/busymuseums.mfn.dsm.museum\/wp-content\/uploads\/2017\/03\/Patzschke_Eva_2016_15x15-1024x1024.jpg 1024w, https:\/\/busymuseums.mfn.dsm.museum\/wp-content\/uploads\/2017\/03\/Patzschke_Eva_2016_15x15.jpg 1772w\" sizes=\"auto, (max-width: 150px) 100vw, 150px\" \/><\/p>\n<p>Eva Patzschke ist Diplom Biologin und arbeitet seit 2005 am Museum f\u00fcr Naturkunde in Berlin, Leibniz-Institut f\u00fcr Biodiversit\u00e4ts- und Evolutionsforschung.<\/p>\n<p>Seit 2013 leitet sie mehrere Forschungsprojekte, die im Bereich Wissenschaftskommunikation und Wissenstransfer angesiedelt sind. Dabei liegt ihr Interesse bei der Analyse von Prozessen im Zusammenhang mit Wissenstransfer aus der Forschung. Die Entwicklung von Methoden und die Organisation von Prozessen um den Wissenstransfer von Museumsinhalten f\u00fcr unterschiedliche Zielgruppen bilden einen weiteren Schwerpunkt ihrer Arbeit.<\/p>\n<p>Bis 2005 war Eva Patzschke in einem Wissenschaftsverlag t\u00e4tig, wo sie sich mit der Mehrfachverwertung von Verlagsinhalten besch\u00e4ftigte. Sie beriet Lektorate und Fachabteilungen insbesondere bei Vorhaben, die eine zus\u00e4tzliche digitale Verwertung anstrebten und war an der Realisierung digitaler Verlagsprojekte beteiligt.<\/p>\n<p><strong>Wissenschaftliche Mitarbeiterinnen<\/strong><\/p>\n<p><strong>Julia Wiedemann<\/strong><\/p>\n<p><img loading=\"lazy\" decoding=\"async\" class=\"alignnone size-thumbnail wp-image-63\" src=\"https:\/\/busymuseums.mfn.dsm.museum\/wp-content\/uploads\/2017\/03\/Wiedemann_Julia_2017_15x15-150x150.jpg\" alt=\"\" width=\"150\" height=\"150\" srcset=\"https:\/\/busymuseums.mfn.dsm.museum\/wp-content\/uploads\/2017\/03\/Wiedemann_Julia_2017_15x15-150x150.jpg 150w, https:\/\/busymuseums.mfn.dsm.museum\/wp-content\/uploads\/2017\/03\/Wiedemann_Julia_2017_15x15-300x300.jpg 300w, https:\/\/busymuseums.mfn.dsm.museum\/wp-content\/uploads\/2017\/03\/Wiedemann_Julia_2017_15x15-768x768.jpg 768w, https:\/\/busymuseums.mfn.dsm.museum\/wp-content\/uploads\/2017\/03\/Wiedemann_Julia_2017_15x15-1024x1024.jpg 1024w, https:\/\/busymuseums.mfn.dsm.museum\/wp-content\/uploads\/2017\/03\/Wiedemann_Julia_2017_15x15.jpg 1772w\" sizes=\"auto, (max-width: 150px) 100vw, 150px\" \/><\/p>\n<p>Julia Wiedemann, M.A. Soziologie \u2013 Europ\u00e4ische Gesellschaften, arbeitet als wissenschaftliche Mitarbeiterin im Projekt \u201eNAVI f\u00fcr Forschungsmuseen \u2013 Neue Ans\u00e4tze der Verwertung und Wissenskommunikation\u201c am Museum f\u00fcr Naturkunde Berlin. Julia konzentriert sich auf der Basis ihrer bisherigen Forschungserfahrungen auf den empirisch-qualitativen Teil des Projekts. Sie analysiert dabei Interviews zu Fragen der Verwertungsethik von Kulturdaten in Museen. Au\u00dferdem arbeitet Julia an der Entwicklung und praktischen Erprobung von entsprechenden Nutzungs- und Gesch\u00e4ftsmodellen mit. Zuvor hat Julia als wissenschaftliche Mitarbeiterin am Institut f\u00fcr Management der Freien Universit\u00e4t zu Fragen der Unternehmensethik gelehrt und geforscht. Au\u00dferdem hat sich in verschiedenen Projekten f\u00fcr nachhaltige Entwicklung eingebracht, u.a. bei der Deutschen Gesellschaft f\u00fcr Internationale Zusammenarbeit (GIZ) und dem Ecologic Institut Berlin.<\/p>\n<p><strong>Susanne Schmitt<\/strong><\/p>\n<p><img loading=\"lazy\" decoding=\"async\" class=\"alignnone size-thumbnail wp-image-62\" src=\"https:\/\/busymuseums.mfn.dsm.museum\/wp-content\/uploads\/2017\/03\/Schmitt_Susanne_2017_15x15-150x150.jpg\" alt=\"\" width=\"150\" height=\"150\" srcset=\"https:\/\/busymuseums.mfn.dsm.museum\/wp-content\/uploads\/2017\/03\/Schmitt_Susanne_2017_15x15-150x150.jpg 150w, https:\/\/busymuseums.mfn.dsm.museum\/wp-content\/uploads\/2017\/03\/Schmitt_Susanne_2017_15x15-300x300.jpg 300w, https:\/\/busymuseums.mfn.dsm.museum\/wp-content\/uploads\/2017\/03\/Schmitt_Susanne_2017_15x15-768x768.jpg 768w, https:\/\/busymuseums.mfn.dsm.museum\/wp-content\/uploads\/2017\/03\/Schmitt_Susanne_2017_15x15-1024x1024.jpg 1024w, https:\/\/busymuseums.mfn.dsm.museum\/wp-content\/uploads\/2017\/03\/Schmitt_Susanne_2017_15x15.jpg 1772w\" sizes=\"auto, (max-width: 150px) 100vw, 150px\" \/><\/p>\n<p>Susanne Schmitt, M.A. in Erziehungswissenschaften \u2013 Erwachsenenbildung, arbeitet seit Februar 2017 als wissenschaftliche Mitarbeiterin am Museum f\u00fcr Naturkunde in Berlin im Projekt NAVI f\u00fcr Forschungsmuseen. Zu ihren Arbeitsschwerpunkten geh\u00f6ren vor allem die Analyse und Interpretation qualitativer Interviews im Themenfeld Ethik der Verwertung. Au\u00dferdem entwickelt sie im Projektrahmen Gesch\u00e4fts- bzw. Nutzungsmodellen f\u00fcr digitale Museumsinhalte (u.a. kommerzielle Verwertung in Zusammenarbeit mit dem Museumsshop) und unterst\u00fctzt das Projektteam bei der Konzeption und Durchf\u00fchrung von Workshops. Zuvor war sie bereits wissenschaftliche Mitarbeiterin in der Abteilung Hochschulforschung der Humboldt-Universit\u00e4t zu Berlin. In den dort angesiedelten Drittmittelprojekten forschte sie zur \u00d6ffnung der Hochschulen im Themenfeld Zielgruppen und Anrechnung au\u00dferhochschulisch erworbener Kompetenzen. Weiterhin befasste sie sich mit dem Wandel der Arbeitsbedingungen wissenschaftsunterst\u00fctzender Besch\u00e4ftigte im Wandel, im Besonderen in Hinblick auf die fortschreitende Digitalisierung und Weiterbildungsanforderungen.<\/p>\n<p>E-Mailadresse: Susanne.Schmitt@mfn-berlin.de<\/p>\n<p><strong>Studentische Hilfskraft<\/strong><\/p>\n<p><strong>Katharina Wischmeyer<\/strong><\/p>\n<p><img loading=\"lazy\" decoding=\"async\" class=\"alignnone size-thumbnail wp-image-64\" src=\"https:\/\/busymuseums.mfn.dsm.museum\/wp-content\/uploads\/2017\/03\/Wischmeyer_Katharina_2017_15x15-150x150.jpg\" alt=\"\" width=\"150\" height=\"150\" srcset=\"https:\/\/busymuseums.mfn.dsm.museum\/wp-content\/uploads\/2017\/03\/Wischmeyer_Katharina_2017_15x15-150x150.jpg 150w, https:\/\/busymuseums.mfn.dsm.museum\/wp-content\/uploads\/2017\/03\/Wischmeyer_Katharina_2017_15x15-300x300.jpg 300w, https:\/\/busymuseums.mfn.dsm.museum\/wp-content\/uploads\/2017\/03\/Wischmeyer_Katharina_2017_15x15-768x768.jpg 768w, https:\/\/busymuseums.mfn.dsm.museum\/wp-content\/uploads\/2017\/03\/Wischmeyer_Katharina_2017_15x15-1024x1024.jpg 1024w, https:\/\/busymuseums.mfn.dsm.museum\/wp-content\/uploads\/2017\/03\/Wischmeyer_Katharina_2017_15x15.jpg 1772w\" sizes=\"auto, (max-width: 150px) 100vw, 150px\" \/><\/p>\n<p>B.A. | Kommunikations- und Geschichtswissenschaft<br \/>\nSeit M\u00e4rz 2017 arbeitet Katharina Wischmeyer als studentische Mitarbeiterin im NAVI Projekt am Museum f\u00fcr Naturkunde in Berlin. Die Kooperation mit dem bpk-Bildarchiv der Stiftung Preu\u00dfischer Kulturbesitz ist ihr haupts\u00e4chliches Aufgabengebiet. Dies umfasst die Auswahl und Beschriftung von Bildern aus dem Museum sowie die Koordinierung und Absprache mit den Kustoden*innen und Fotografen*innen. Zurzeit studiert Katharina an der Freien Universit\u00e4t Berlin im Masterstudiengang Medien und Politische Kommunikation und hat zuvor in verschieden Kommunikationsfeldern gearbeitet und Praktika absolviert. Unter anderem in der Internen Kommunikation bei der Deutschen Post DHL Group in Bonn, im Besucherdienst des Th\u00fcringer Landtags in Erfurt und im ZDF Redaktionsteam einer politischen Nachrichtensendung in Berlin.<\/p>\n","protected":false},"excerpt":{"rendered":"<p>F\u00fcnf Wissenschaftlerinnen, eine Beraterin und ein Berater bilden an zwei Museen das Team des Projekts NAVI (wie wir es kurz nennen). Au\u00dferdem haben wir tatkr\u00e4ftige Hilfskr\u00e4fte, die uns unterst\u00fctzten. Hier ein \u00dcbersicht unseres Teams am Museum f\u00fcr Naturkunde. Teilprojekt &#8222;Natur&#8220; am Museum f\u00fcr Naturkunde Berlin Eva Patzschke, Projektleiterin, Verbundkoordinatorin Eva Patzschke ist Diplom Biologin und [&hellip;]<\/p>\n","protected":false},"author":1,"featured_media":0,"parent":121,"menu_order":0,"comment_status":"closed","ping_status":"open","template":"","meta":{"footnotes":""},"class_list":["post-2","page","type-page","status-publish","hentry"],"_links":{"self":[{"href":"https:\/\/busymuseums.mfn.dsm.museum\/index.php?rest_route=\/wp\/v2\/pages\/2","targetHints":{"allow":["GET"]}}],"collection":[{"href":"https:\/\/busymuseums.mfn.dsm.museum\/index.php?rest_route=\/wp\/v2\/pages"}],"about":[{"href":"https:\/\/busymuseums.mfn.dsm.museum\/index.php?rest_route=\/wp\/v2\/types\/page"}],"author":[{"embeddable":true,"href":"https:\/\/busymuseums.mfn.dsm.museum\/index.php?rest_route=\/wp\/v2\/users\/1"}],"replies":[{"embeddable":true,"href":"https:\/\/busymuseums.mfn.dsm.museum\/index.php?rest_route=%2Fwp%2Fv2%2Fcomments&post=2"}],"version-history":[{"count":8,"href":"https:\/\/busymuseums.mfn.dsm.museum\/index.php?rest_route=\/wp\/v2\/pages\/2\/revisions"}],"predecessor-version":[{"id":95,"href":"https:\/\/busymuseums.mfn.dsm.museum\/index.php?rest_route=\/wp\/v2\/pages\/2\/revisions\/95"}],"up":[{"embeddable":true,"href":"https:\/\/busymuseums.mfn.dsm.museum\/index.php?rest_route=\/wp\/v2\/pages\/121"}],"wp:attachment":[{"href":"https:\/\/busymuseums.mfn.dsm.museum\/index.php?rest_route=%2Fwp%2Fv2%2Fmedia&parent=2"}],"curies":[{"name":"wp","href":"https:\/\/api.w.org\/{rel}","templated":true}]}}