{"id":121,"date":"2017-11-13T15:39:54","date_gmt":"2017-11-13T14:39:54","guid":{"rendered":"https:\/\/busymuseums.mfn.dsm.museum\/?page_id=121"},"modified":"2017-11-29T10:56:27","modified_gmt":"2017-11-29T09:56:27","slug":"team","status":"publish","type":"page","link":"https:\/\/busymuseums.mfn.dsm.museum\/?page_id=121","title":{"rendered":"Team"},"content":{"rendered":"<p>Das Team des Projektes NAVI f\u00fcr Forschungsmuseen verteilt sich auf zwei Teilprojekte, die sich mit einmal mit den naturwissenschaftlichen Leibniz-Forschungsmuseen (<a href=\"https:\/\/busymuseums.mfn.dsm.museum\/?page_id=2\">Team Teilprojekt Natur<\/a>) und zum anderen mit den kulturhistorischen Leibniz-Forschungsmuseen befassen (<a href=\"https:\/\/busymuseums.mfn.dsm.museum\/?page_id=69\">Team Teilprojekt Kultur<\/a>). Gemeinsam pr\u00fcfen wir auch, welche Methoden der Verwertung und des digitalen Transfers f\u00fcr alle Museen passend sein k\u00f6nnen.<\/p>\n","protected":false},"excerpt":{"rendered":"<p>Das Team des Projektes NAVI f\u00fcr Forschungsmuseen verteilt sich auf zwei Teilprojekte, die sich mit einmal mit den naturwissenschaftlichen Leibniz-Forschungsmuseen (Team Teilprojekt Natur) und zum anderen mit den kulturhistorischen Leibniz-Forschungsmuseen befassen (Team Teilprojekt Kultur). Gemeinsam pr\u00fcfen wir auch, welche Methoden der Verwertung und des digitalen Transfers f\u00fcr alle Museen passend sein k\u00f6nnen.<\/p>\n","protected":false},"author":2,"featured_media":0,"parent":0,"menu_order":0,"comment_status":"closed","ping_status":"closed","template":"","meta":{"footnotes":""},"class_list":["post-121","page","type-page","status-publish","hentry"],"_links":{"self":[{"href":"https:\/\/busymuseums.mfn.dsm.museum\/index.php?rest_route=\/wp\/v2\/pages\/121","targetHints":{"allow":["GET"]}}],"collection":[{"href":"https:\/\/busymuseums.mfn.dsm.museum\/index.php?rest_route=\/wp\/v2\/pages"}],"about":[{"href":"https:\/\/busymuseums.mfn.dsm.museum\/index.php?rest_route=\/wp\/v2\/types\/page"}],"author":[{"embeddable":true,"href":"https:\/\/busymuseums.mfn.dsm.museum\/index.php?rest_route=\/wp\/v2\/users\/2"}],"replies":[{"embeddable":true,"href":"https:\/\/busymuseums.mfn.dsm.museum\/index.php?rest_route=%2Fwp%2Fv2%2Fcomments&post=121"}],"version-history":[{"count":4,"href":"https:\/\/busymuseums.mfn.dsm.museum\/index.php?rest_route=\/wp\/v2\/pages\/121\/revisions"}],"predecessor-version":[{"id":148,"href":"https:\/\/busymuseums.mfn.dsm.museum\/index.php?rest_route=\/wp\/v2\/pages\/121\/revisions\/148"}],"wp:attachment":[{"href":"https:\/\/busymuseums.mfn.dsm.museum\/index.php?rest_route=%2Fwp%2Fv2%2Fmedia&parent=121"}],"curies":[{"name":"wp","href":"https:\/\/api.w.org\/{rel}","templated":true}]}}